{"id":185,"date":"2025-04-05T18:41:33","date_gmt":"2025-04-05T18:41:33","guid":{"rendered":"https:\/\/individualinstruction.es\/?page_id=185"},"modified":"2025-10-17T11:19:57","modified_gmt":"2025-10-17T11:19:57","slug":"cursos-online","status":"publish","type":"page","link":"https:\/\/individualinstruction.es\/en\/cursos-online\/","title":{"rendered":"Online Courses"},"content":{"rendered":"<div style=\"height:68px\" aria-hidden=\"true\" class=\"wp-block-spacer\"><\/div>\n\n\n\n<h2 class=\"wp-block-heading has-text-align-center has-x-large-font-size\">Online Courses<\/h2>\n\n\n\n<div style=\"height:68px\" aria-hidden=\"true\" class=\"wp-block-spacer\"><\/div>\n\n\n\n<div class=\"wp-block-group alignfull has-tertiary-background-color has-background has-global-padding is-layout-constrained wp-container-core-group-is-layout-3107f1e8 wp-block-group-is-layout-constrained\" style=\"margin-top:0;margin-bottom:0;padding-top:var(--wp--preset--spacing--40);padding-right:var(--wp--preset--spacing--30);padding-bottom:var(--wp--preset--spacing--40);padding-left:var(--wp--preset--spacing--30)\">\n<div class=\"wp-block-group alignwide has-global-padding is-content-justification-center is-layout-constrained wp-block-group-is-layout-constrained\">\n<p class=\"has-text-align-center has-medium-font-size\" style=\"margin-top:16px\"><strong>Online courses designed to guarantee your progress in general and technical business English with a personalized approach.<\/strong><\/p>\n<\/div>\n\n\n\n<div class=\"wp-block-columns alignwide is-layout-flex wp-container-core-columns-is-layout-d0846407 wp-block-columns-is-layout-flex\">\n<div class=\"wp-block-column is-layout-flow wp-block-column-is-layout-flow\">\n<figure class=\"wp-block-image aligncenter is-resized has-custom-border ext-aspect-landscape\"><img loading=\"lazy\" decoding=\"async\" width=\"1440\" height=\"960\" src=\"https:\/\/individualinstruction.es\/wp-content\/uploads\/2025\/04\/803254816a73f4b172dc7b95e5e63b07e1d86f6f.jpg\" alt=\"\" class=\"wp-image-203\" style=\"border-radius:20px;aspect-ratio:4\/3;object-fit:cover;width:487px\" srcset=\"https:\/\/individualinstruction.es\/wp-content\/uploads\/2025\/04\/803254816a73f4b172dc7b95e5e63b07e1d86f6f.jpg 1440w, https:\/\/individualinstruction.es\/wp-content\/uploads\/2025\/04\/803254816a73f4b172dc7b95e5e63b07e1d86f6f-300x200.jpg 300w, https:\/\/individualinstruction.es\/wp-content\/uploads\/2025\/04\/803254816a73f4b172dc7b95e5e63b07e1d86f6f-1024x683.jpg 1024w, https:\/\/individualinstruction.es\/wp-content\/uploads\/2025\/04\/803254816a73f4b172dc7b95e5e63b07e1d86f6f-768x512.jpg 768w, https:\/\/individualinstruction.es\/wp-content\/uploads\/2025\/04\/803254816a73f4b172dc7b95e5e63b07e1d86f6f-600x400.jpg 600w\" sizes=\"auto, (max-width: 1440px) 100vw, 1440px\" \/><\/figure>\n\n\n\n<h3 class=\"wp-block-heading has-text-align-center\" style=\"margin-top:24px;font-size:clamp(18.434px, 1.152rem + ((1vw - 3.2px) * 1.101), 29px);line-height:1.5\">General English<\/h3>\n\n\n\n<p class=\"has-text-align-center has-small-font-size\" style=\"margin-top:8px\">Dynamic 45-minute classes for adults, available from two days a week.<\/p>\n<\/div>\n\n\n\n<div class=\"wp-block-column is-layout-flow wp-block-column-is-layout-flow\">\n<figure class=\"wp-block-image aligncenter size-large is-resized has-custom-border ext-aspect-landscape\"><img loading=\"lazy\" decoding=\"async\" width=\"1024\" height=\"932\" src=\"https:\/\/individualinstruction.es\/wp-content\/uploads\/2025\/07\/dude-web-1024x932.jpg\" alt=\"\" class=\"wp-image-331\" style=\"border-radius:20px;aspect-ratio:4\/3;object-fit:cover;width:487px\" srcset=\"https:\/\/individualinstruction.es\/wp-content\/uploads\/2025\/07\/dude-web-1024x932.jpg 1024w, https:\/\/individualinstruction.es\/wp-content\/uploads\/2025\/07\/dude-web-300x273.jpg 300w, https:\/\/individualinstruction.es\/wp-content\/uploads\/2025\/07\/dude-web-768x699.jpg 768w, https:\/\/individualinstruction.es\/wp-content\/uploads\/2025\/07\/dude-web-1536x1398.jpg 1536w, https:\/\/individualinstruction.es\/wp-content\/uploads\/2025\/07\/dude-web-2048x1864.jpg 2048w, https:\/\/individualinstruction.es\/wp-content\/uploads\/2025\/07\/dude-web-13x12.jpg 13w, https:\/\/individualinstruction.es\/wp-content\/uploads\/2025\/07\/dude-web-600x546.jpg 600w\" sizes=\"auto, (max-width: 1024px) 100vw, 1024px\" \/><\/figure>\n\n\n\n<h3 class=\"wp-block-heading has-text-align-center\" style=\"margin-top:24px;font-size:clamp(18.434px, 1.152rem + ((1vw - 3.2px) * 1.101), 29px);line-height:1.5\">Kids<\/h3>\n\n\n\n<p class=\"has-text-align-center has-small-font-size\" style=\"margin-top:8px\">Dynamic 30-minute classes for children from 9 years old, available from two days a week. <\/p>\n<\/div>\n<\/div>\n<\/div>\n\n\n\n<div class=\"wp-block-group alignfull has-tertiary-background-color has-background has-global-padding is-layout-constrained wp-container-core-group-is-layout-3107f1e8 wp-block-group-is-layout-constrained\" style=\"margin-top:0;margin-bottom:0;padding-top:var(--wp--preset--spacing--40);padding-right:var(--wp--preset--spacing--30);padding-bottom:var(--wp--preset--spacing--40);padding-left:var(--wp--preset--spacing--30)\">\n<div class=\"wp-block-columns alignwide is-layout-flex wp-container-core-columns-is-layout-d0846407 wp-block-columns-is-layout-flex\">\n<div class=\"wp-block-column is-layout-flow wp-block-column-is-layout-flow\">\n<figure class=\"wp-block-image aligncenter size-large is-resized has-custom-border ext-aspect-landscape\"><img loading=\"lazy\" decoding=\"async\" width=\"768\" height=\"1024\" src=\"https:\/\/individualinstruction.es\/wp-content\/uploads\/2025\/04\/WhatsApp-Image-2025-04-13-at-19.11.27-768x1024.jpeg\" alt=\"\" class=\"wp-image-269\" style=\"border-radius:20px;aspect-ratio:1.3333333333333333;object-fit:cover;width:487px\" srcset=\"https:\/\/individualinstruction.es\/wp-content\/uploads\/2025\/04\/WhatsApp-Image-2025-04-13-at-19.11.27-768x1024.jpeg 768w, https:\/\/individualinstruction.es\/wp-content\/uploads\/2025\/04\/WhatsApp-Image-2025-04-13-at-19.11.27-225x300.jpeg 225w, https:\/\/individualinstruction.es\/wp-content\/uploads\/2025\/04\/WhatsApp-Image-2025-04-13-at-19.11.27-1152x1536.jpeg 1152w, https:\/\/individualinstruction.es\/wp-content\/uploads\/2025\/04\/WhatsApp-Image-2025-04-13-at-19.11.27-600x800.jpeg 600w, https:\/\/individualinstruction.es\/wp-content\/uploads\/2025\/04\/WhatsApp-Image-2025-04-13-at-19.11.27.jpeg 1500w\" sizes=\"auto, (max-width: 768px) 100vw, 768px\" \/><\/figure>\n\n\n\n<h3 class=\"wp-block-heading has-text-align-center\" style=\"margin-top:24px;font-size:clamp(18.434px, 1.152rem + ((1vw - 3.2px) * 1.101), 29px);line-height:1.5\">Technical Business English<\/h3>\n\n\n\n<p class=\"has-text-align-center has-small-font-size\" style=\"margin-top:8px\">Business Pack and continuous learning.  <\/p>\n<\/div>\n\n\n\n<div class=\"wp-block-column is-layout-flow wp-block-column-is-layout-flow\">\n<figure class=\"wp-block-image aligncenter size-large is-resized has-custom-border ext-aspect-landscape\"><img loading=\"lazy\" decoding=\"async\" width=\"1024\" height=\"768\" src=\"https:\/\/individualinstruction.es\/wp-content\/uploads\/2025\/04\/manos-job-interv-edited-1024x768.jpg\" alt=\"\" class=\"wp-image-300\" style=\"border-radius:20px;aspect-ratio:1.3333333333333333;object-fit:cover;width:487px\" srcset=\"https:\/\/individualinstruction.es\/wp-content\/uploads\/2025\/04\/manos-job-interv-edited-1024x768.jpg 1024w, https:\/\/individualinstruction.es\/wp-content\/uploads\/2025\/04\/manos-job-interv-edited-300x225.jpg 300w, https:\/\/individualinstruction.es\/wp-content\/uploads\/2025\/04\/manos-job-interv-edited-768x576.jpg 768w, https:\/\/individualinstruction.es\/wp-content\/uploads\/2025\/04\/manos-job-interv-edited-600x450.jpg 600w, https:\/\/individualinstruction.es\/wp-content\/uploads\/2025\/04\/manos-job-interv-edited.jpg 1252w\" sizes=\"auto, (max-width: 1024px) 100vw, 1024px\" \/><\/figure>\n\n\n\n<h3 class=\"wp-block-heading has-text-align-center\" style=\"margin-top:24px;font-size:clamp(18.434px, 1.152rem + ((1vw - 3.2px) * 1.101), 29px);line-height:1.5\">Job Interview<\/h3>\n\n\n\n<p class=\"has-text-align-center has-small-font-size\" style=\"margin-top:8px\">Get ready for the job of your dreams!<\/p>\n<\/div>\n<\/div>\n<\/div>\n\n\n\n<p><\/p>","protected":false},"excerpt":{"rendered":"<p>Cursos Online Cursos Online dise\u00f1ados para garantizar tu progreso en ingl\u00e9s general y t\u00e9cnico empresarial con un enfoque personalizado. Ingl\u00e9s General Clases din\u00e1micas de 45 minutos para adultos, disponibles desde dos d\u00edas a la semana. Kids Clases din\u00e1micas de 30 minutos a ni\u00f1@s a partir de 9 a\u00f1os, disponibles desde dos d\u00edas a la semana. [&hellip;]<\/p>\n","protected":false},"author":1,"featured_media":0,"parent":0,"menu_order":0,"comment_status":"closed","ping_status":"closed","template":"no-title","meta":{"footnotes":""},"class_list":["post-185","page","type-page","status-publish","hentry"],"jetpack_sharing_enabled":true,"_links":{"self":[{"href":"https:\/\/individualinstruction.es\/en\/wp-json\/wp\/v2\/pages\/185","targetHints":{"allow":["GET"]}}],"collection":[{"href":"https:\/\/individualinstruction.es\/en\/wp-json\/wp\/v2\/pages"}],"about":[{"href":"https:\/\/individualinstruction.es\/en\/wp-json\/wp\/v2\/types\/page"}],"author":[{"embeddable":true,"href":"https:\/\/individualinstruction.es\/en\/wp-json\/wp\/v2\/users\/1"}],"replies":[{"embeddable":true,"href":"https:\/\/individualinstruction.es\/en\/wp-json\/wp\/v2\/comments?post=185"}],"version-history":[{"count":22,"href":"https:\/\/individualinstruction.es\/en\/wp-json\/wp\/v2\/pages\/185\/revisions"}],"predecessor-version":[{"id":369,"href":"https:\/\/individualinstruction.es\/en\/wp-json\/wp\/v2\/pages\/185\/revisions\/369"}],"wp:attachment":[{"href":"https:\/\/individualinstruction.es\/en\/wp-json\/wp\/v2\/media?parent=185"}],"curies":[{"name":"wp","href":"https:\/\/api.w.org\/{rel}","templated":true}]}}