{"id":22,"date":"2025-04-02T14:08:10","date_gmt":"2025-04-02T14:08:10","guid":{"rendered":"https:\/\/individualinstruction.es\/sobre\/"},"modified":"2025-07-23T17:09:43","modified_gmt":"2025-07-23T17:09:43","slug":"sobre","status":"publish","type":"page","link":"https:\/\/individualinstruction.es\/en\/sobre\/","title":{"rendered":"About us"},"content":{"rendered":"<div style=\"height:47px\" aria-hidden=\"true\" class=\"wp-block-spacer\"><\/div>\n\n\n\n<h1 class=\"wp-block-heading alignwide has-text-align-center\" style=\"font-size:clamp(1.551rem, 1.551rem + ((1vw - 0.2rem) * 1.748), 2.6rem);\">The Art of Getting Points Across<\/h1>\n\n\n\n<div style=\"height:79px\" aria-hidden=\"true\" class=\"wp-block-spacer\"><\/div>\n\n\n\n<div class=\"wp-block-group alignfull has-tertiary-background-color has-background is-nowrap is-layout-flex wp-container-core-group-is-layout-77e218eb wp-block-group-is-layout-flex\" id=\"acerca-de\" style=\"margin-top:0;margin-bottom:0;padding-top:var(--wp--preset--spacing--60);padding-right:0;padding-bottom:var(--wp--preset--spacing--60);padding-left:0\">\n<div class=\"wp-block-columns alignwide is-layout-flex wp-container-core-columns-is-layout-d0bbbce0 wp-block-columns-is-layout-flex\">\n<div class=\"wp-block-column is-vertically-aligned-top is-layout-flow wp-block-column-is-layout-flow\">\n<div class=\"wp-block-columns is-layout-flex wp-container-core-columns-is-layout-28f84493 wp-block-columns-is-layout-flex\">\n<div class=\"wp-block-column is-vertically-aligned-center has-global-padding is-content-justification-center is-layout-constrained wp-block-column-is-layout-constrained\" style=\"border-style:none;border-width:0px\">\n<figure class=\"wp-block-image aligncenter size-full is-resized\"><img loading=\"lazy\" decoding=\"async\" width=\"386\" height=\"768\" src=\"https:\/\/individualinstruction.es\/wp-content\/uploads\/2025\/04\/2430848920.jpg\" alt=\"\" class=\"wp-image-231\" style=\"width:129px;height:auto\" srcset=\"https:\/\/individualinstruction.es\/wp-content\/uploads\/2025\/04\/2430848920.jpg 386w, https:\/\/individualinstruction.es\/wp-content\/uploads\/2025\/04\/2430848920-151x300.jpg 151w\" sizes=\"auto, (max-width: 386px) 100vw, 386px\" \/><\/figure>\n<\/div>\n\n\n\n<div class=\"wp-block-column is-vertically-aligned-center has-global-padding is-content-justification-center is-layout-constrained wp-block-column-is-layout-constrained\" style=\"border-style:none;border-width:0px\">\n<figure class=\"wp-block-image aligncenter size-full is-resized\"><img loading=\"lazy\" decoding=\"async\" width=\"945\" height=\"354\" src=\"https:\/\/individualinstruction.es\/wp-content\/uploads\/2025\/04\/2430848919.jpg\" alt=\"\" class=\"wp-image-232\" style=\"width:194px;height:auto\" srcset=\"https:\/\/individualinstruction.es\/wp-content\/uploads\/2025\/04\/2430848919.jpg 945w, https:\/\/individualinstruction.es\/wp-content\/uploads\/2025\/04\/2430848919-300x112.jpg 300w, https:\/\/individualinstruction.es\/wp-content\/uploads\/2025\/04\/2430848919-768x288.jpg 768w, https:\/\/individualinstruction.es\/wp-content\/uploads\/2025\/04\/2430848919-600x225.jpg 600w\" sizes=\"auto, (max-width: 945px) 100vw, 945px\" \/><\/figure>\n<\/div>\n\n\n\n<div class=\"wp-block-column is-vertically-aligned-center has-global-padding is-content-justification-center is-layout-constrained wp-block-column-is-layout-constrained\" style=\"border-style:none;border-width:0px\">\n<figure class=\"wp-block-image aligncenter size-full is-resized\"><img loading=\"lazy\" decoding=\"async\" width=\"576\" height=\"768\" src=\"https:\/\/individualinstruction.es\/wp-content\/uploads\/2025\/04\/2430848922.jpg\" alt=\"\" class=\"wp-image-234\" style=\"width:177px;height:auto\" srcset=\"https:\/\/individualinstruction.es\/wp-content\/uploads\/2025\/04\/2430848922.jpg 576w, https:\/\/individualinstruction.es\/wp-content\/uploads\/2025\/04\/2430848922-225x300.jpg 225w\" sizes=\"auto, (max-width: 576px) 100vw, 576px\" \/><\/figure>\n<\/div>\n\n\n\n<div class=\"wp-block-column is-vertically-aligned-center has-global-padding is-layout-constrained wp-block-column-is-layout-constrained\" style=\"border-style:none;border-width:0px\">\n<figure class=\"wp-block-image aligncenter size-full is-resized\"><img loading=\"lazy\" decoding=\"async\" width=\"1024\" height=\"307\" src=\"https:\/\/individualinstruction.es\/wp-content\/uploads\/2025\/04\/2430848921.jpg\" alt=\"\" class=\"wp-image-233\" style=\"width:237px;height:auto\" srcset=\"https:\/\/individualinstruction.es\/wp-content\/uploads\/2025\/04\/2430848921.jpg 1024w, https:\/\/individualinstruction.es\/wp-content\/uploads\/2025\/04\/2430848921-300x90.jpg 300w, https:\/\/individualinstruction.es\/wp-content\/uploads\/2025\/04\/2430848921-768x230.jpg 768w, https:\/\/individualinstruction.es\/wp-content\/uploads\/2025\/04\/2430848921-600x180.jpg 600w\" sizes=\"auto, (max-width: 1024px) 100vw, 1024px\" \/><\/figure>\n<\/div>\n<\/div>\n\n\n\n<div style=\"height:45px\" aria-hidden=\"true\" class=\"wp-block-spacer\"><\/div>\n\n\n\n<p class=\"has-text-align-center\" style=\"margin-right:var(--wp--preset--spacing--60);margin-left:var(--wp--preset--spacing--60)\">Individual Instruction is a language training company established in Madrid in 1995 dedicated to teaching English as a second language.<\/p>\n\n\n\n<p class=\"has-text-align-center translation-block\" style=\"margin-right:var(--wp--preset--spacing--60);margin-left:var(--wp--preset--spacing--60)\">Our teaching approach is geared towards developing the communicative skills of the language and cater for the specific needs of each student.<\/p>\n\n\n\n<p class=\"has-text-align-center\" style=\"margin-right:var(--wp--preset--spacing--60);margin-left:var(--wp--preset--spacing--60)\">The main aim of the programme's approach is based on speaking. Moreover, other skills such as listening, reading and writing are also covered within the context of each student's needs.<\/p>\n<\/div>\n<\/div>\n<\/div>\n\n\n\n<p><\/p>","protected":false},"excerpt":{"rendered":"<p>El arte de la comunicaci\u00f3n Individual Instruction es una empresa de formaci\u00f3n de ingl\u00e9s constituida en 1995 en Madrid, dedicada a la ense\u00f1anza y perfeccionamiento del idioma ingl\u00e9s. Nuestro&nbsp;Sistema de Ense\u00f1anza&nbsp;est\u00e1 orientado a desarrollar la capacidad comunicativa del idioma y satisfacer las necesidades particulares y espec\u00edficas de cada alumno. El eje central de nuestro programa [&hellip;]<\/p>\n","protected":false},"author":1,"featured_media":0,"parent":0,"menu_order":0,"comment_status":"closed","ping_status":"closed","template":"no-title","meta":{"footnotes":""},"class_list":["post-22","page","type-page","status-publish","hentry"],"jetpack_sharing_enabled":true,"_links":{"self":[{"href":"https:\/\/individualinstruction.es\/en\/wp-json\/wp\/v2\/pages\/22","targetHints":{"allow":["GET"]}}],"collection":[{"href":"https:\/\/individualinstruction.es\/en\/wp-json\/wp\/v2\/pages"}],"about":[{"href":"https:\/\/individualinstruction.es\/en\/wp-json\/wp\/v2\/types\/page"}],"author":[{"embeddable":true,"href":"https:\/\/individualinstruction.es\/en\/wp-json\/wp\/v2\/users\/1"}],"replies":[{"embeddable":true,"href":"https:\/\/individualinstruction.es\/en\/wp-json\/wp\/v2\/comments?post=22"}],"version-history":[{"count":9,"href":"https:\/\/individualinstruction.es\/en\/wp-json\/wp\/v2\/pages\/22\/revisions"}],"predecessor-version":[{"id":323,"href":"https:\/\/individualinstruction.es\/en\/wp-json\/wp\/v2\/pages\/22\/revisions\/323"}],"wp:attachment":[{"href":"https:\/\/individualinstruction.es\/en\/wp-json\/wp\/v2\/media?parent=22"}],"curies":[{"name":"wp","href":"https:\/\/api.w.org\/{rel}","templated":true}]}}