{"id":372,"date":"2025-10-17T11:32:16","date_gmt":"2025-10-17T11:32:16","guid":{"rendered":"https:\/\/individualinstruction.es\/?page_id=372"},"modified":"2025-10-17T11:41:54","modified_gmt":"2025-10-17T11:41:54","slug":"contacto-2","status":"publish","type":"page","link":"https:\/\/individualinstruction.es\/en\/contacto-2\/","title":{"rendered":"Contacto"},"content":{"rendered":"<p class=\"has-text-align-left\">Si desea m\u00e1s informaci\u00f3n sobre nuestros cursos, p\u00f3ngase en contacto con nosotros rellenando el siguiente formulario:<\/p>\n\n\n\n<p><\/p>\n\n\n<div class=\"wp-block-jetpack-contact-form is-style-default is-layout-flex wp-container-jetpack-contact-form-is-layout-342dd4f6 wp-block-jetpack-contact-form-is-layout-flex\"><a href=\"https:\/\/individualinstruction.es\/en\/contacto-2\/\" target=\"_blank\" rel=\"noopener noreferrer\">Submit a form.<\/a><\/div>","protected":false},"excerpt":{"rendered":"<p>Si desea m\u00e1s informaci\u00f3n sobre nuestros cursos, p\u00f3ngase en contacto con nosotros rellenando el siguiente formulario:<\/p>","protected":false},"author":1,"featured_media":0,"parent":0,"menu_order":0,"comment_status":"closed","ping_status":"closed","template":"page-with-title","meta":{"footnotes":""},"class_list":["post-372","page","type-page","status-publish","hentry"],"jetpack_sharing_enabled":true,"_links":{"self":[{"href":"https:\/\/individualinstruction.es\/en\/wp-json\/wp\/v2\/pages\/372","targetHints":{"allow":["GET"]}}],"collection":[{"href":"https:\/\/individualinstruction.es\/en\/wp-json\/wp\/v2\/pages"}],"about":[{"href":"https:\/\/individualinstruction.es\/en\/wp-json\/wp\/v2\/types\/page"}],"author":[{"embeddable":true,"href":"https:\/\/individualinstruction.es\/en\/wp-json\/wp\/v2\/users\/1"}],"replies":[{"embeddable":true,"href":"https:\/\/individualinstruction.es\/en\/wp-json\/wp\/v2\/comments?post=372"}],"version-history":[{"count":4,"href":"https:\/\/individualinstruction.es\/en\/wp-json\/wp\/v2\/pages\/372\/revisions"}],"predecessor-version":[{"id":378,"href":"https:\/\/individualinstruction.es\/en\/wp-json\/wp\/v2\/pages\/372\/revisions\/378"}],"wp:attachment":[{"href":"https:\/\/individualinstruction.es\/en\/wp-json\/wp\/v2\/media?parent=372"}],"curies":[{"name":"wp","href":"https:\/\/api.w.org\/{rel}","templated":true}]}}